{"id":28,"date":"2023-05-31T12:41:48","date_gmt":"2023-05-31T12:41:48","guid":{"rendered":"http:\/\/biolino.eu\/?page_id=28"},"modified":"2023-06-21T08:38:00","modified_gmt":"2023-06-21T08:38:00","slug":"produkte","status":"publish","type":"page","link":"https:\/\/biolino.eu\/?page_id=28","title":{"rendered":"Produkte"},"content":{"rendered":"\t\t<div data-elementor-type=\"wp-page\" data-elementor-id=\"28\" class=\"elementor elementor-28\">\n\t\t\t\t\t\t\t\t\t<section class=\"elementor-section elementor-top-section elementor-element elementor-element-d09caa6 elementor-section-boxed elementor-section-height-default elementor-section-height-default\" data-id=\"d09caa6\" data-element_type=\"section\">\n\t\t\t\t\t\t<div class=\"elementor-container elementor-column-gap-default\">\n\t\t\t\t\t<div class=\"elementor-column elementor-col-100 elementor-top-column elementor-element elementor-element-4de1d76\" data-id=\"4de1d76\" data-element_type=\"column\">\n\t\t\t<div class=\"elementor-widget-wrap elementor-element-populated\">\n\t\t\t\t\t\t\t\t<div class=\"elementor-element elementor-element-5f334aa elementor-widget elementor-widget-text-editor\" data-id=\"5f334aa\" data-element_type=\"widget\" data-widget_type=\"text-editor.default\">\n\t\t\t\t<div class=\"elementor-widget-container\">\n\t\t\t<style>\/*! elementor - v3.16.0 - 14-09-2023 *\/\n.elementor-widget-text-editor.elementor-drop-cap-view-stacked .elementor-drop-cap{background-color:#69727d;color:#fff}.elementor-widget-text-editor.elementor-drop-cap-view-framed .elementor-drop-cap{color:#69727d;border:3px solid;background-color:transparent}.elementor-widget-text-editor:not(.elementor-drop-cap-view-default) .elementor-drop-cap{margin-top:8px}.elementor-widget-text-editor:not(.elementor-drop-cap-view-default) .elementor-drop-cap-letter{width:1em;height:1em}.elementor-widget-text-editor .elementor-drop-cap{float:left;text-align:center;line-height:1;font-size:50px}.elementor-widget-text-editor .elementor-drop-cap-letter{display:inline-block}<\/style>\t\t\t\t<p>BioLino steht f\u00fcr nachhaltige Produkte, die uns das Leben erleichtern. Als erstes l\u00f6sen wir das Problem mit dem Komposteimer in der K\u00fcche.<\/p><p>Und dies tun wir an der Wurzel. \u00dcble Ger\u00fcche entstehen durch F\u00e4ulnis. Damit gilt es zu verhindern, dass der Biom\u00fcll \u00fcberhaupt erst zu faulen beginnt. Es gilt die Fl\u00fcssigkeit zu entziehen. Herf\u00fcr hervorragend geeignet ist nat\u00fcrliche Pflanzenkohle, denn diese kann die Fl\u00fcssigkeit absorbieren.<\/p><p>Damit haben wir ein einfaches Produkt geschaffen, das erst noch die Grundlage f\u00fcr eine nachhaltige Bodenverbesserung in G\u00e4rten und \u00c4ckern bildet.<\/p>\t\t\t\t\t\t<\/div>\n\t\t\t\t<\/div>\n\t\t\t\t\t<\/div>\n\t\t<\/div>\n\t\t\t\t\t\t\t<\/div>\n\t\t<\/section>\n\t\t\t\t<section class=\"elementor-section elementor-top-section elementor-element elementor-element-c3778b3 elementor-section-boxed elementor-section-height-default elementor-section-height-default\" data-id=\"c3778b3\" data-element_type=\"section\">\n\t\t\t\t\t\t<div class=\"elementor-container elementor-column-gap-default\">\n\t\t\t\t\t<div class=\"elementor-column elementor-col-100 elementor-top-column elementor-element elementor-element-c149a30\" data-id=\"c149a30\" data-element_type=\"column\">\n\t\t\t<div class=\"elementor-widget-wrap elementor-element-populated\">\n\t\t\t\t\t\t\t\t<div class=\"elementor-element elementor-element-4d65ed0 elementor-widget elementor-widget-image\" data-id=\"4d65ed0\" data-element_type=\"widget\" data-widget_type=\"image.default\">\n\t\t\t\t<div class=\"elementor-widget-container\">\n\t\t\t<style>\/*! elementor - v3.16.0 - 14-09-2023 *\/\n.elementor-widget-image{text-align:center}.elementor-widget-image a{display:inline-block}.elementor-widget-image a img[src$=\".svg\"]{width:48px}.elementor-widget-image img{vertical-align:middle;display:inline-block}<\/style>\t\t\t\t\t\t\t\t\t\t\t\t<img loading=\"lazy\" decoding=\"async\" width=\"660\" height=\"384\" src=\"https:\/\/biolino.eu\/wp-content\/uploads\/2023\/06\/Pad-frei-1-1024x596.png\" class=\"attachment-large size-large wp-image-252\" alt=\"\" srcset=\"https:\/\/biolino.eu\/wp-content\/uploads\/2023\/06\/Pad-frei-1-1024x596.png 1024w, https:\/\/biolino.eu\/wp-content\/uploads\/2023\/06\/Pad-frei-1-300x175.png 300w, https:\/\/biolino.eu\/wp-content\/uploads\/2023\/06\/Pad-frei-1-768x447.png 768w, https:\/\/biolino.eu\/wp-content\/uploads\/2023\/06\/Pad-frei-1.png 1200w\" sizes=\"auto, (max-width: 660px) 100vw, 660px\" \/>\t\t\t\t\t\t\t\t\t\t\t\t\t\t\t<\/div>\n\t\t\t\t<\/div>\n\t\t\t\t\t<\/div>\n\t\t<\/div>\n\t\t\t\t\t\t\t<\/div>\n\t\t<\/section>\n\t\t\t\t<section class=\"elementor-section elementor-top-section elementor-element elementor-element-3681c3a elementor-section-boxed elementor-section-height-default elementor-section-height-default\" data-id=\"3681c3a\" data-element_type=\"section\">\n\t\t\t\t\t\t<div class=\"elementor-container elementor-column-gap-default\">\n\t\t\t\t\t<div class=\"elementor-column elementor-col-33 elementor-top-column elementor-element elementor-element-188569b\" data-id=\"188569b\" data-element_type=\"column\">\n\t\t\t<div class=\"elementor-widget-wrap elementor-element-populated\">\n\t\t\t\t\t\t\t\t<div class=\"elementor-element elementor-element-954095a elementor-widget elementor-widget-image\" data-id=\"954095a\" data-element_type=\"widget\" data-widget_type=\"image.default\">\n\t\t\t\t<div class=\"elementor-widget-container\">\n\t\t\t\t\t\t\t\t\t\t\t\t\t\t\t<img loading=\"lazy\" decoding=\"async\" width=\"64\" height=\"64\" src=\"https:\/\/biolino.eu\/wp-content\/uploads\/2023\/06\/BioLino_Icon_64.png\" class=\"attachment-large size-large wp-image-122\" alt=\"\" \/>\t\t\t\t\t\t\t\t\t\t\t\t\t\t\t<\/div>\n\t\t\t\t<\/div>\n\t\t\t\t\t<\/div>\n\t\t<\/div>\n\t\t\t\t<div class=\"elementor-column elementor-col-66 elementor-top-column elementor-element elementor-element-1750054\" data-id=\"1750054\" data-element_type=\"column\">\n\t\t\t<div class=\"elementor-widget-wrap elementor-element-populated\">\n\t\t\t\t\t\t\t\t<div class=\"elementor-element elementor-element-d146cbb elementor-widget elementor-widget-text-editor\" data-id=\"d146cbb\" data-element_type=\"widget\" data-widget_type=\"text-editor.default\">\n\t\t\t\t<div class=\"elementor-widget-container\">\n\t\t\t\t\t\t\t<h4>&#8222;Das Pflanzenkohlepad entzieht dem BioGut die Fl\u00fcssigkeit, damit erst keine \u00fcblen Ger\u00fcche entstehen. Pflanzenkohle speichert CO2 und verbessert unsere B\u00f6den nachhaltig.&#8220;<\/h4>\t\t\t\t\t\t<\/div>\n\t\t\t\t<\/div>\n\t\t\t\t\t<\/div>\n\t\t<\/div>\n\t\t\t\t\t\t\t<\/div>\n\t\t<\/section>\n\t\t\t\t<section class=\"elementor-section elementor-top-section elementor-element elementor-element-83acbcc elementor-section-boxed elementor-section-height-default elementor-section-height-default\" data-id=\"83acbcc\" data-element_type=\"section\">\n\t\t\t\t\t\t<div class=\"elementor-container elementor-column-gap-default\">\n\t\t\t\t\t<div class=\"elementor-column elementor-col-100 elementor-top-column elementor-element elementor-element-a645536\" data-id=\"a645536\" data-element_type=\"column\">\n\t\t\t<div class=\"elementor-widget-wrap elementor-element-populated\">\n\t\t\t\t\t\t\t\t<div class=\"elementor-element elementor-element-9ba2786 elementor-widget elementor-widget-image\" data-id=\"9ba2786\" data-element_type=\"widget\" data-widget_type=\"image.default\">\n\t\t\t\t<div class=\"elementor-widget-container\">\n\t\t\t\t\t\t\t\t\t\t\t\t<figure class=\"wp-caption\">\n\t\t\t\t\t\t\t\t\t\t<img loading=\"lazy\" decoding=\"async\" width=\"660\" height=\"396\" src=\"https:\/\/biolino.eu\/wp-content\/uploads\/2023\/06\/Schachtel-mit-5-Pads-1024x614.png\" class=\"attachment-large size-large wp-image-229\" alt=\"\" srcset=\"https:\/\/biolino.eu\/wp-content\/uploads\/2023\/06\/Schachtel-mit-5-Pads-1024x614.png 1024w, https:\/\/biolino.eu\/wp-content\/uploads\/2023\/06\/Schachtel-mit-5-Pads-300x180.png 300w, https:\/\/biolino.eu\/wp-content\/uploads\/2023\/06\/Schachtel-mit-5-Pads-768x460.png 768w, https:\/\/biolino.eu\/wp-content\/uploads\/2023\/06\/Schachtel-mit-5-Pads.png 1200w\" sizes=\"auto, (max-width: 660px) 100vw, 660px\" \/>\t\t\t\t\t\t\t\t\t\t\t<figcaption class=\"widget-image-caption wp-caption-text\">Schachtel zu 5 Pads<\/figcaption>\n\t\t\t\t\t\t\t\t\t\t<\/figure>\n\t\t\t\t\t\t\t\t\t<\/div>\n\t\t\t\t<\/div>\n\t\t\t\t\t<\/div>\n\t\t<\/div>\n\t\t\t\t\t\t\t<\/div>\n\t\t<\/section>\n\t\t\t\t<section class=\"elementor-section elementor-top-section elementor-element elementor-element-c5b181b elementor-section-boxed elementor-section-height-default elementor-section-height-default\" data-id=\"c5b181b\" data-element_type=\"section\">\n\t\t\t\t\t\t<div class=\"elementor-container elementor-column-gap-default\">\n\t\t\t\t\t<div class=\"elementor-column elementor-col-100 elementor-top-column elementor-element elementor-element-642bc29\" data-id=\"642bc29\" data-element_type=\"column\">\n\t\t\t<div class=\"elementor-widget-wrap elementor-element-populated\">\n\t\t\t\t\t\t\t\t<div class=\"elementor-element elementor-element-57948cd elementor-widget elementor-widget-text-editor\" data-id=\"57948cd\" data-element_type=\"widget\" data-widget_type=\"text-editor.default\">\n\t\t\t\t<div class=\"elementor-widget-container\">\n\t\t\t\t\t\t\t<p>Die BioLino Pflanzenkohle ist vorerst erh\u00e4ltlich im<\/p><p><strong>IWB City Center, Steinenvorstadt 14, 4051 Basel<\/strong><\/p><p>\u00d6ffnungszeiten<br \/>Mittwoch bis Freitag von 10:00 bis 18:00 Uhr<br \/>Samstag von 10:00 bis 15:00 Uhr<\/p><p>Tel +41 61 275 51 11<\/p><p>\u00a0<\/p><p>Wenn Sie interessiert sind BioLino Pads in Ihrem Laden zu verkaufen, dann rufen Sie uns doch gleich an:\u00a0 +41 41 242 18 18<\/p>\t\t\t\t\t\t<\/div>\n\t\t\t\t<\/div>\n\t\t\t\t\t<\/div>\n\t\t<\/div>\n\t\t\t\t\t\t\t<\/div>\n\t\t<\/section>\n\t\t\t\t\t\t\t<\/div>\n\t\t","protected":false},"excerpt":{"rendered":"<p>BioLino steht f\u00fcr nachhaltige Produkte, die uns das Leben erleichtern. Als erstes l\u00f6sen wir das Problem mit dem Komposteimer in der K\u00fcche. Und dies tun wir an der Wurzel. \u00dcble Ger\u00fcche entstehen durch F\u00e4ulnis. Damit gilt es zu verhindern, dass der Biom\u00fcll \u00fcberhaupt erst zu faulen beginnt. Es gilt die Fl\u00fcssigkeit zu entziehen. Herf\u00fcr hervorragend [&hellip;]<\/p>\n","protected":false},"author":1,"featured_media":0,"parent":0,"menu_order":0,"comment_status":"closed","ping_status":"closed","template":"","meta":{"hide_page_title":"","footnotes":""},"class_list":["post-28","page","type-page","status-publish","hentry"],"_links":{"self":[{"href":"https:\/\/biolino.eu\/index.php?rest_route=\/wp\/v2\/pages\/28","targetHints":{"allow":["GET"]}}],"collection":[{"href":"https:\/\/biolino.eu\/index.php?rest_route=\/wp\/v2\/pages"}],"about":[{"href":"https:\/\/biolino.eu\/index.php?rest_route=\/wp\/v2\/types\/page"}],"author":[{"embeddable":true,"href":"https:\/\/biolino.eu\/index.php?rest_route=\/wp\/v2\/users\/1"}],"replies":[{"embeddable":true,"href":"https:\/\/biolino.eu\/index.php?rest_route=%2Fwp%2Fv2%2Fcomments&post=28"}],"version-history":[{"count":73,"href":"https:\/\/biolino.eu\/index.php?rest_route=\/wp\/v2\/pages\/28\/revisions"}],"predecessor-version":[{"id":346,"href":"https:\/\/biolino.eu\/index.php?rest_route=\/wp\/v2\/pages\/28\/revisions\/346"}],"wp:attachment":[{"href":"https:\/\/biolino.eu\/index.php?rest_route=%2Fwp%2Fv2%2Fmedia&parent=28"}],"curies":[{"name":"wp","href":"https:\/\/api.w.org\/{rel}","templated":true}]}}