{"id":30,"date":"2023-05-31T12:42:31","date_gmt":"2023-05-31T12:42:31","guid":{"rendered":"http:\/\/biolino.eu\/?page_id=30"},"modified":"2023-06-21T08:32:45","modified_gmt":"2023-06-21T08:32:45","slug":"anwendung","status":"publish","type":"page","link":"https:\/\/biolino.eu\/?page_id=30","title":{"rendered":"Anwendung"},"content":{"rendered":"\t\t<div data-elementor-type=\"wp-page\" data-elementor-id=\"30\" class=\"elementor elementor-30\">\n\t\t\t\t\t\t\t\t\t<section class=\"elementor-section elementor-top-section elementor-element elementor-element-6110c89 elementor-section-boxed elementor-section-height-default elementor-section-height-default\" data-id=\"6110c89\" data-element_type=\"section\">\n\t\t\t\t\t\t<div class=\"elementor-container elementor-column-gap-default\">\n\t\t\t\t\t<div class=\"elementor-column elementor-col-100 elementor-top-column elementor-element elementor-element-2dcc8f6\" data-id=\"2dcc8f6\" data-element_type=\"column\">\n\t\t\t<div class=\"elementor-widget-wrap elementor-element-populated\">\n\t\t\t\t\t\t\t\t<div class=\"elementor-element elementor-element-0e61eb2 elementor-widget elementor-widget-text-editor\" data-id=\"0e61eb2\" data-element_type=\"widget\" data-widget_type=\"text-editor.default\">\n\t\t\t\t<div class=\"elementor-widget-container\">\n\t\t\t<style>\/*! elementor - v3.16.0 - 14-09-2023 *\/\n.elementor-widget-text-editor.elementor-drop-cap-view-stacked .elementor-drop-cap{background-color:#69727d;color:#fff}.elementor-widget-text-editor.elementor-drop-cap-view-framed .elementor-drop-cap{color:#69727d;border:3px solid;background-color:transparent}.elementor-widget-text-editor:not(.elementor-drop-cap-view-default) .elementor-drop-cap{margin-top:8px}.elementor-widget-text-editor:not(.elementor-drop-cap-view-default) .elementor-drop-cap-letter{width:1em;height:1em}.elementor-widget-text-editor .elementor-drop-cap{float:left;text-align:center;line-height:1;font-size:50px}.elementor-widget-text-editor .elementor-drop-cap-letter{display:inline-block}<\/style>\t\t\t\t<ol><li>Wenn Sie selbst kompostieren, dann beginnen Sie direkt ohne das Einlegen eines kompostierbaren Beutels. Ansonsten bringen Sie erst den Beutel im Eimer an.<\/li><li>Legen Sie ein Pad auf den Boden Ihres Komposteimers<\/li><li>Bef\u00fcllen Sie nach und nach den Eimer mit Schalen von Fr\u00fcchten und Abschnitten von Gem\u00fcse etc.<\/li><li>Bitte beachten Sie regionale Vorschriften bez\u00fcglich der Verwertung von Speiseresten<\/li><li>Leeren Sie den Eimer nach ca. 4 Tagen<\/li><li>Das verwendete Papier ist bedenkenlos biologisch abbaubar<\/li><\/ol>\t\t\t\t\t\t<\/div>\n\t\t\t\t<\/div>\n\t\t\t\t\t<\/div>\n\t\t<\/div>\n\t\t\t\t\t\t\t<\/div>\n\t\t<\/section>\n\t\t\t\t<section class=\"elementor-section elementor-top-section elementor-element elementor-element-8ac0823 elementor-section-boxed elementor-section-height-default elementor-section-height-default\" data-id=\"8ac0823\" data-element_type=\"section\">\n\t\t\t\t\t\t<div class=\"elementor-container elementor-column-gap-default\">\n\t\t\t\t\t<div class=\"elementor-column elementor-col-100 elementor-top-column elementor-element elementor-element-11ddac9\" data-id=\"11ddac9\" data-element_type=\"column\">\n\t\t\t<div class=\"elementor-widget-wrap elementor-element-populated\">\n\t\t\t\t\t\t\t\t<div class=\"elementor-element elementor-element-f068d1e elementor-widget elementor-widget-image\" data-id=\"f068d1e\" data-element_type=\"widget\" data-widget_type=\"image.default\">\n\t\t\t\t<div class=\"elementor-widget-container\">\n\t\t\t<style>\/*! elementor - v3.16.0 - 14-09-2023 *\/\n.elementor-widget-image{text-align:center}.elementor-widget-image a{display:inline-block}.elementor-widget-image a img[src$=\".svg\"]{width:48px}.elementor-widget-image img{vertical-align:middle;display:inline-block}<\/style>\t\t\t\t\t\t\t\t\t\t\t\t<img loading=\"lazy\" decoding=\"async\" width=\"660\" height=\"495\" src=\"https:\/\/biolino.eu\/wp-content\/uploads\/2023\/06\/Komposteimer-1024x768.png\" class=\"attachment-large size-large wp-image-230\" alt=\"\" srcset=\"https:\/\/biolino.eu\/wp-content\/uploads\/2023\/06\/Komposteimer-1024x768.png 1024w, https:\/\/biolino.eu\/wp-content\/uploads\/2023\/06\/Komposteimer-300x225.png 300w, https:\/\/biolino.eu\/wp-content\/uploads\/2023\/06\/Komposteimer-768x576.png 768w, https:\/\/biolino.eu\/wp-content\/uploads\/2023\/06\/Komposteimer.png 1200w\" sizes=\"auto, (max-width: 660px) 100vw, 660px\" \/>\t\t\t\t\t\t\t\t\t\t\t\t\t\t\t<\/div>\n\t\t\t\t<\/div>\n\t\t\t\t\t<\/div>\n\t\t<\/div>\n\t\t\t\t\t\t\t<\/div>\n\t\t<\/section>\n\t\t\t\t<section class=\"elementor-section elementor-top-section elementor-element elementor-element-92c5cbc elementor-section-boxed elementor-section-height-default elementor-section-height-default\" data-id=\"92c5cbc\" data-element_type=\"section\">\n\t\t\t\t\t\t<div class=\"elementor-container elementor-column-gap-default\">\n\t\t\t\t\t<div class=\"elementor-column elementor-col-100 elementor-top-column elementor-element elementor-element-ba2ed1b\" data-id=\"ba2ed1b\" data-element_type=\"column\">\n\t\t\t<div class=\"elementor-widget-wrap elementor-element-populated\">\n\t\t\t\t\t\t\t\t<div class=\"elementor-element elementor-element-db13734 elementor-widget elementor-widget-text-editor\" data-id=\"db13734\" data-element_type=\"widget\" data-widget_type=\"text-editor.default\">\n\t\t\t\t<div class=\"elementor-widget-container\">\n\t\t\t\t\t\t\t<p>Das Pad ist im Stande ca. 0.4dl Fl\u00fcssigkeit aufzunehmen.<\/p><p>Sie werden bemerken, dass sich am Eimer kaum Schmutz absetzt. Daher entf\u00e4llt das aufw\u00e4ndige Reinigen mit Wasser.<\/p>\t\t\t\t\t\t<\/div>\n\t\t\t\t<\/div>\n\t\t\t\t\t<\/div>\n\t\t<\/div>\n\t\t\t\t\t\t\t<\/div>\n\t\t<\/section>\n\t\t\t\t<section class=\"elementor-section elementor-top-section elementor-element elementor-element-5b59805 elementor-section-boxed elementor-section-height-default elementor-section-height-default\" data-id=\"5b59805\" data-element_type=\"section\">\n\t\t\t\t\t\t<div class=\"elementor-container elementor-column-gap-default\">\n\t\t\t\t\t<div class=\"elementor-column elementor-col-100 elementor-top-column elementor-element elementor-element-08bde37\" data-id=\"08bde37\" data-element_type=\"column\">\n\t\t\t<div class=\"elementor-widget-wrap elementor-element-populated\">\n\t\t\t\t\t\t\t\t<div class=\"elementor-element elementor-element-ae4dadc elementor-widget elementor-widget-text-editor\" data-id=\"ae4dadc\" data-element_type=\"widget\" data-widget_type=\"text-editor.default\">\n\t\t\t\t<div class=\"elementor-widget-container\">\n\t\t\t\t\t\t\t<p><strong>IWB &#8211; eine Pionierin der Herstellung von Pflanzenkohle<\/strong><\/p><p>Die von uns verwendete IWB Pflanzenkohle ist zertifiziert und gut f\u00fcr Boden und Umwelt. Sie versorgt Pflanzen optimal mit N\u00e4hrstoffen und reduziert gleichzeitig Emissionen.<\/p><p>&#8222;Sie ist ein Schwamm f\u00fcr N\u00e4hrstoffe, bietet einen Lebensraum f\u00fcr Mikroorganismen, speichert Wasser f\u00fcr Trockenzeiten und mindert CO<sub>2<\/sub> in der Atmosph\u00e4re \u2013 Pflanzenkohle ist ein absolutes Multitalent f\u00fcr Boden und Klima.&#8220; (IWB)<\/p><p>Die Herstellung erfolgt aus regionaler Biomasse wie z.B. Holz- und Gr\u00fcnschnitt aus einem Radius von maximal 40 km um Basel. Alle Rohstoffe sind unbehandelt und werden vor Verarbeitung eingehend kontrolliert. Im anschliessenden Pyrolyseprozess werden diese bei 600 Grad Celsius unter Ausschluss von Sauerstoff zersetzt.<\/p>\t\t\t\t\t\t<\/div>\n\t\t\t\t<\/div>\n\t\t\t\t\t<\/div>\n\t\t<\/div>\n\t\t\t\t\t\t\t<\/div>\n\t\t<\/section>\n\t\t\t\t<section class=\"elementor-section elementor-top-section elementor-element elementor-element-596b5bf elementor-section-boxed elementor-section-height-default elementor-section-height-default\" data-id=\"596b5bf\" data-element_type=\"section\">\n\t\t\t\t\t\t<div class=\"elementor-container elementor-column-gap-default\">\n\t\t\t\t\t<div class=\"elementor-column elementor-col-33 elementor-top-column elementor-element elementor-element-4c4a787\" data-id=\"4c4a787\" data-element_type=\"column\">\n\t\t\t<div class=\"elementor-widget-wrap elementor-element-populated\">\n\t\t\t\t\t\t\t\t<div class=\"elementor-element elementor-element-947e18d elementor-widget elementor-widget-image\" data-id=\"947e18d\" data-element_type=\"widget\" data-widget_type=\"image.default\">\n\t\t\t\t<div class=\"elementor-widget-container\">\n\t\t\t\t\t\t\t\t\t\t\t\t\t\t\t<img loading=\"lazy\" decoding=\"async\" width=\"360\" height=\"360\" src=\"https:\/\/biolino.eu\/wp-content\/uploads\/2023\/05\/EBC_logo_360_1.png\" class=\"attachment-large size-large wp-image-91\" alt=\"\" srcset=\"https:\/\/biolino.eu\/wp-content\/uploads\/2023\/05\/EBC_logo_360_1.png 360w, https:\/\/biolino.eu\/wp-content\/uploads\/2023\/05\/EBC_logo_360_1-300x300.png 300w, https:\/\/biolino.eu\/wp-content\/uploads\/2023\/05\/EBC_logo_360_1-150x150.png 150w\" sizes=\"auto, (max-width: 360px) 100vw, 360px\" \/>\t\t\t\t\t\t\t\t\t\t\t\t\t\t\t<\/div>\n\t\t\t\t<\/div>\n\t\t\t\t\t<\/div>\n\t\t<\/div>\n\t\t\t\t<div class=\"elementor-column elementor-col-66 elementor-top-column elementor-element elementor-element-65fb71c\" data-id=\"65fb71c\" data-element_type=\"column\">\n\t\t\t<div class=\"elementor-widget-wrap elementor-element-populated\">\n\t\t\t\t\t\t\t\t<div class=\"elementor-element elementor-element-4781da4 elementor-widget elementor-widget-text-editor\" data-id=\"4781da4\" data-element_type=\"widget\" data-widget_type=\"text-editor.default\">\n\t\t\t\t<div class=\"elementor-widget-container\">\n\t\t\t\t\t\t\t<p>Die verwendete Pflanzenkohle wird j\u00e4hrlich durch das <a href=\"https:\/\/www.european-biochar.org\/de\">Ithaka Institut<\/a> zertifiziert.<\/p>\t\t\t\t\t\t<\/div>\n\t\t\t\t<\/div>\n\t\t\t\t\t<\/div>\n\t\t<\/div>\n\t\t\t\t\t\t\t<\/div>\n\t\t<\/section>\n\t\t\t\t<section class=\"elementor-section elementor-top-section elementor-element elementor-element-3642b5d elementor-section-boxed elementor-section-height-default elementor-section-height-default\" data-id=\"3642b5d\" data-element_type=\"section\">\n\t\t\t\t\t\t<div class=\"elementor-container elementor-column-gap-default\">\n\t\t\t\t\t<div class=\"elementor-column elementor-col-100 elementor-top-column elementor-element elementor-element-850e929\" data-id=\"850e929\" data-element_type=\"column\">\n\t\t\t<div class=\"elementor-widget-wrap elementor-element-populated\">\n\t\t\t\t\t\t\t\t<div class=\"elementor-element elementor-element-1e12488 elementor-widget elementor-widget-image\" data-id=\"1e12488\" data-element_type=\"widget\" data-widget_type=\"image.default\">\n\t\t\t\t<div class=\"elementor-widget-container\">\n\t\t\t\t\t\t\t\t\t\t\t\t<figure class=\"wp-caption\">\n\t\t\t\t\t\t\t\t\t\t<img loading=\"lazy\" decoding=\"async\" width=\"660\" height=\"495\" src=\"https:\/\/biolino.eu\/wp-content\/uploads\/2023\/06\/Pflanzenkohle_Kreislauf_IWB.jpg\" class=\"attachment-large size-large wp-image-340\" alt=\"\" srcset=\"https:\/\/biolino.eu\/wp-content\/uploads\/2023\/06\/Pflanzenkohle_Kreislauf_IWB.jpg 752w, https:\/\/biolino.eu\/wp-content\/uploads\/2023\/06\/Pflanzenkohle_Kreislauf_IWB-300x225.jpg 300w\" sizes=\"auto, (max-width: 660px) 100vw, 660px\" \/>\t\t\t\t\t\t\t\t\t\t\t<figcaption class=\"widget-image-caption wp-caption-text\">Grafik IWB<\/figcaption>\n\t\t\t\t\t\t\t\t\t\t<\/figure>\n\t\t\t\t\t\t\t\t\t<\/div>\n\t\t\t\t<\/div>\n\t\t\t\t\t<\/div>\n\t\t<\/div>\n\t\t\t\t\t\t\t<\/div>\n\t\t<\/section>\n\t\t\t\t\t\t\t<\/div>\n\t\t","protected":false},"excerpt":{"rendered":"<p>Wenn Sie selbst kompostieren, dann beginnen Sie direkt ohne das Einlegen eines kompostierbaren Beutels. Ansonsten bringen Sie erst den Beutel im Eimer an. Legen Sie ein Pad auf den Boden Ihres Komposteimers Bef\u00fcllen Sie nach und nach den Eimer mit Schalen von Fr\u00fcchten und Abschnitten von Gem\u00fcse etc. Bitte beachten Sie regionale Vorschriften bez\u00fcglich der [&hellip;]<\/p>\n","protected":false},"author":1,"featured_media":0,"parent":0,"menu_order":0,"comment_status":"closed","ping_status":"closed","template":"","meta":{"hide_page_title":"","footnotes":""},"class_list":["post-30","page","type-page","status-publish","hentry"],"_links":{"self":[{"href":"https:\/\/biolino.eu\/index.php?rest_route=\/wp\/v2\/pages\/30","targetHints":{"allow":["GET"]}}],"collection":[{"href":"https:\/\/biolino.eu\/index.php?rest_route=\/wp\/v2\/pages"}],"about":[{"href":"https:\/\/biolino.eu\/index.php?rest_route=\/wp\/v2\/types\/page"}],"author":[{"embeddable":true,"href":"https:\/\/biolino.eu\/index.php?rest_route=\/wp\/v2\/users\/1"}],"replies":[{"embeddable":true,"href":"https:\/\/biolino.eu\/index.php?rest_route=%2Fwp%2Fv2%2Fcomments&post=30"}],"version-history":[{"count":22,"href":"https:\/\/biolino.eu\/index.php?rest_route=\/wp\/v2\/pages\/30\/revisions"}],"predecessor-version":[{"id":343,"href":"https:\/\/biolino.eu\/index.php?rest_route=\/wp\/v2\/pages\/30\/revisions\/343"}],"wp:attachment":[{"href":"https:\/\/biolino.eu\/index.php?rest_route=%2Fwp%2Fv2%2Fmedia&parent=30"}],"curies":[{"name":"wp","href":"https:\/\/api.w.org\/{rel}","templated":true}]}}